{"id":2,"date":"2014-09-24T21:41:40","date_gmt":"2014-09-24T20:41:40","guid":{"rendered":"http:\/\/www.emotion-adn.be\/wordpress\/?page_id=2"},"modified":"2026-03-02T19:32:06","modified_gmt":"2026-03-02T18:32:06","slug":"qui-suis-je","status":"publish","type":"page","link":"https:\/\/www.emotion-adn.be\/wordpress\/qui-suis-je\/","title":{"rendered":"Qui suis-je ?"},"content":{"rendered":"<p style=\"text-align: justify;\"><span style=\"color: #074f56;\">Apr\u00e8s avoir obtenu une licence en sciences biologiques en 1990 aux Facult\u00e9s Universitaires Notre-Dame de la Paix de Namur en Belgique (FUNDP), j\u2019ai travaill\u00e9 comme chercheur \u00e0 l\u2019Universit\u00e9 jusqu\u2019\u00e0 ce que je pr\u00e9sente un doctorat en sciences en 1998. Ces ann\u00e9es de recherche m\u2019ont permis de m\u2019ouvrir \u00e0 la biologie cellulaire et mol\u00e9culaire. Je me suis int\u00e9ress\u00e9e \u00e0 une mol\u00e9cule en particulier, l\u2019ADN qui se trouve dans chaque cellule du corps.<\/span><\/p>\n<p><span style=\"text-decoration: underline;\"><span style=\"color: #074f56; text-decoration: underline;\">Un tournant dans ma vie professionnelle<\/span><\/span><\/p>\n<p style=\"text-align: justify;\"><span style=\"color: #074f56;\">En 2005, je me trouvais dans une impasse au niveau professionnel. Je me posais beaucoup de questions sur le sens des recherches auxquelles je participais. Parall\u00e8lement \u00e0 ce questionnement, des maux de t\u00eate de plus en plus fr\u00e9quents et intenses m\u2019ont amen\u00e9e \u00e0 consulter diff\u00e9rents sp\u00e9cialistes m\u00e9dicaux et param\u00e9dicaux. Le premier traitement qui m\u2019a aid\u00e9e est l\u2019acupuncture. Cependant, les am\u00e9liorations apport\u00e9es par le traitement ne tenaient pas dans le temps.<\/span><\/p>\n<p style=\"text-align: justify;\"><span style=\"color: #074f56;\">Peu de temps apr\u00e8s, j\u2019ai pris rendez-vous chez un th\u00e9rapeute que l\u2019on m\u2019avait conseill\u00e9. Il a d\u00e9velopp\u00e9 une technique th\u00e9rapeutique, la Coh\u00e9rence Somato Psychique<span style=\"margin: 0px; color: #006666; line-height: 115%; font-family: 'Calibri','sans-serif'; font-size: 18pt;\">\u00ae<\/span>, visant la lib\u00e9ration des inhibitions inscrites dans l\u2019organisme qui emp\u00eachent le processus naturel d\u2019auto-gu\u00e9rison. Apr\u00e8s quelques s\u00e9ances, les migraines se sont espac\u00e9es et ont diminu\u00e9 en intensit\u00e9.<\/span><\/p>\n<p style=\"text-align: justify;\"><span style=\"color: #074f56;\">Convaincue que le psychisme jouait un r\u00f4le dans l\u2019\u00e9volution des malaises et des maladies, je me suis form\u00e9e \u00e0 la CSP<span style=\"margin: 0px; color: #006666; line-height: 115%; font-family: 'Calibri','sans-serif'; font-size: 18pt;\">\u00ae<\/span> et suis devenue th\u00e9rapeute, attachant une importance primordiale aux \u00e9motions et \u00e0 leur impact sur l\u2019organisme. <\/span><\/p>\n<p style=\"text-align: justify;\"><span style=\"color: #074f56;\">Parall\u00e8lement au travail individuel en th\u00e9rapie, j&rsquo;anime des formations en gestion du stress et des \u00e9motions ainsi que des ateliers de pleine conscience. N&rsquo;h\u00e9sitez pas \u00e0 me contacter \u00e0 ce sujet.<\/span><\/p>\n<p style=\"text-align: justify;\"><span style=\"color: #074f56;\">Aujourd\u2019hui, l\u2019<a title=\"Epigenetique\" href=\"https:\/\/fr.wikipedia.org\/wiki\/%C3%89pig%C3%A9n%C3%A9tique\" target=\"_blank\" rel=\"noopener\">\u00e9pig\u00e9n\u00e9tique<\/a> apporte un regard nouveau sur le sujet en montrant que tout ce qui fait partie de l\u2019environnement, y compris les \u00e9motions, laisse des traces sur l\u2019ADN et modifie la mani\u00e8re dont les g\u00e8nes s\u2019expriment. Le message de l\u2019\u00e9pig\u00e9n\u00e9tique est clair et optimiste\u00a0: les traces laiss\u00e9es sur l\u2019ADN peuvent \u00eatre effac\u00e9es tout comme l\u2019\u00e9criture au crayon. J\u2019ai \u00e9crit un livre sur le sujet s\u2019intitulant \u00ab L\u2019impact des \u00e9motions sur l\u2019ADN\u00a0\u00bb (\u00e9ditions Quintessence, 2014).\u00a0Mon nouveau livre \u00ab L\u2019impact des\u00a0comportements\u00a0sur l\u2019ADN\u00a0\u00bb (\u00e9ditions Quintessence, 2020) co\u00e9crit avec <a href=\"http:\/\/www.brainzen.be\">Marie Botman<\/a> aborde les comportements permettant d&rsquo;adoucir les effets du stress en pleine conscience.<\/span><\/p>\n<p><span style=\"color: #074f56;\"><span style=\"text-decoration: underline;\">Ce qui me tient \u00e0 c\u0153ur:<\/span> <\/span><\/p>\n<p><span style=\"color: #074f56;\">&#8211; la bienveillance; <\/span><\/p>\n<p><span style=\"color: #074f56;\">&#8211; la curiosit\u00e9;<\/span><\/p>\n<p><span style=\"color: #074f56;\">&#8211; l&rsquo;humilit\u00e9 ; <\/span><\/p>\n<p><span style=\"color: #074f56;\">&#8211; la simplicit\u00e9; <\/span><\/p>\n<p><span style=\"color: #074f56;\">&#8211;\u00a0l&rsquo;humour<\/span><\/p>\n","protected":false},"excerpt":{"rendered":"<p>Apr\u00e8s avoir obtenu une licence en sciences biologiques en 1990 aux Facult\u00e9s Universitaires Notre-Dame de la Paix de Namur en Belgique (FUNDP), j\u2019ai travaill\u00e9 comme chercheur \u00e0 l\u2019Universit\u00e9 jusqu\u2019\u00e0 ce que je pr\u00e9sente un doctorat en sciences en 1998. Ces ann\u00e9es de recherche m\u2019ont permis de m\u2019ouvrir \u00e0 la biologie [&hellip;]<\/p>\n","protected":false},"author":1,"featured_media":0,"parent":0,"menu_order":2,"comment_status":"closed","ping_status":"closed","template":"","meta":[],"_links":{"self":[{"href":"https:\/\/www.emotion-adn.be\/wordpress\/wp-json\/wp\/v2\/pages\/2"}],"collection":[{"href":"https:\/\/www.emotion-adn.be\/wordpress\/wp-json\/wp\/v2\/pages"}],"about":[{"href":"https:\/\/www.emotion-adn.be\/wordpress\/wp-json\/wp\/v2\/types\/page"}],"author":[{"embeddable":true,"href":"https:\/\/www.emotion-adn.be\/wordpress\/wp-json\/wp\/v2\/users\/1"}],"replies":[{"embeddable":true,"href":"https:\/\/www.emotion-adn.be\/wordpress\/wp-json\/wp\/v2\/comments?post=2"}],"version-history":[{"count":15,"href":"https:\/\/www.emotion-adn.be\/wordpress\/wp-json\/wp\/v2\/pages\/2\/revisions"}],"predecessor-version":[{"id":554,"href":"https:\/\/www.emotion-adn.be\/wordpress\/wp-json\/wp\/v2\/pages\/2\/revisions\/554"}],"wp:attachment":[{"href":"https:\/\/www.emotion-adn.be\/wordpress\/wp-json\/wp\/v2\/media?parent=2"}],"curies":[{"name":"wp","href":"https:\/\/api.w.org\/{rel}","templated":true}]}}