{"id":502,"date":"2026-03-02T19:27:48","date_gmt":"2026-03-02T18:27:48","guid":{"rendered":"https:\/\/www.emotion-adn.be\/wordpress\/?page_id=502"},"modified":"2026-03-02T19:37:05","modified_gmt":"2026-03-02T18:37:05","slug":"formations","status":"publish","type":"page","link":"https:\/\/www.emotion-adn.be\/wordpress\/formations\/","title":{"rendered":"Formations"},"content":{"rendered":"\n<ul>\n<li>Hypnose spirituelle (lib\u00e9ration d\u2019\u00e2mes, anc\u00eatres, r\u00e9gression)\u00a0\u00e0 l\u2019Institut Pr\u00e9sences\u00a0 (https:\/\/presences.be\/formations\/)<\/li>\n\n\n\n<li>\u00ab\u00a0L&rsquo;hypnose au quotidien\u00a0\u00bb code 20244 et \u00ab\u00a0l&rsquo;impact des comportements sur l&rsquo;ADN\u00a0\u00bb code 20041 \u00e0 l&rsquo;UDA Louvain-La-Neuve (https:\/\/uda-uclouvain.be\/)<\/li>\n<\/ul>\n\n\n\n<p><\/p>\n","protected":false},"excerpt":{"rendered":"","protected":false},"author":1,"featured_media":0,"parent":0,"menu_order":0,"comment_status":"closed","ping_status":"open","template":"","meta":[],"_links":{"self":[{"href":"https:\/\/www.emotion-adn.be\/wordpress\/wp-json\/wp\/v2\/pages\/502"}],"collection":[{"href":"https:\/\/www.emotion-adn.be\/wordpress\/wp-json\/wp\/v2\/pages"}],"about":[{"href":"https:\/\/www.emotion-adn.be\/wordpress\/wp-json\/wp\/v2\/types\/page"}],"author":[{"embeddable":true,"href":"https:\/\/www.emotion-adn.be\/wordpress\/wp-json\/wp\/v2\/users\/1"}],"replies":[{"embeddable":true,"href":"https:\/\/www.emotion-adn.be\/wordpress\/wp-json\/wp\/v2\/comments?post=502"}],"version-history":[{"count":5,"href":"https:\/\/www.emotion-adn.be\/wordpress\/wp-json\/wp\/v2\/pages\/502\/revisions"}],"predecessor-version":[{"id":557,"href":"https:\/\/www.emotion-adn.be\/wordpress\/wp-json\/wp\/v2\/pages\/502\/revisions\/557"}],"wp:attachment":[{"href":"https:\/\/www.emotion-adn.be\/wordpress\/wp-json\/wp\/v2\/media?parent=502"}],"curies":[{"name":"wp","href":"https:\/\/api.w.org\/{rel}","templated":true}]}}