{"id":58,"date":"2014-10-03T00:12:33","date_gmt":"2014-10-02T23:12:33","guid":{"rendered":"http:\/\/www.emotion-adn.be\/wordpress\/?page_id=58"},"modified":"2026-03-02T19:18:36","modified_gmt":"2026-03-02T18:18:36","slug":"mon-approche-therapeutique-2","status":"publish","type":"page","link":"https:\/\/www.emotion-adn.be\/wordpress\/mon-approche-therapeutique-2\/","title":{"rendered":"Mon approche th\u00e9rapeutique"},"content":{"rendered":"<p style=\"text-align: justify;\"><span style=\"color: #074f56;\">Une\u00a0approche globale est propos\u00e9e dans laquelle le corps et le psychisme coop\u00e8rent \u00e9troitement.\u00a0<\/span><\/p>\n<p style=\"text-align: justify;\"><span style=\"color: #074f56;\"><strong>1) La\u00a0Coh\u00e9rence Somato Psychique<span style=\"margin: 0px; color: #006666; line-height: 115%; font-family: 'Calibri','sans-serif'; font-size: 18pt;\">\u00ae<\/span>\u00a0(CSP)\u00a0<\/strong><\/span><\/p>\n<p style=\"text-align: justify;\"><span style=\"color: #074f56;\">Cette pratique a \u00e9t\u00e9 d\u00e9velopp\u00e9e par Fabrice Charles (<a title=\"CSP\" href=\"https:\/\/www.somatopsy.org\/\" target=\"_blank\" rel=\"noopener\">https:\/\/www.somatopsy.org\/<\/a>). Son livre \u00ab\u00a0La cascade \u00e0 Champagne\u00a0\u00bb en explique les principes.\u00a0<\/span><span style=\"color: #074f56;\">La\u00a0sant\u00e9 est l&rsquo;\u00e9tat d&rsquo;\u00e9quilibre (hom\u00e9ostasie)\u00a0 harmonieux entre le corps et le psychisme. <\/span><span style=\"color: #074f56;\">S<\/span><span style=\"color: #074f56;\"><span style=\"color: #074f56;\">uite \u00e0 un trauma, le patient retrouve un nouvel \u00e9tat d&rsquo;\u00e9quilibre autour du trauma, l&#8217;emp\u00eachant de retrouver son bien-\u00eatre. La formation de l&#8217;embryon r\u00e9capitule l&rsquo;histoire \u00e9volutive de l&rsquo;esp\u00e8ce. Chaque stade \u00ab\u00a0sup\u00e9rieur\u00a0\u00bb (ex: mammif\u00e8re) chapeaute un stade \u00ab\u00a0inf\u00e9rieur\u00a0\u00bb (ex: reptile). Lors d&rsquo;un trauma, un stade est bloqu\u00e9. L&rsquo;objectif de la CSP\u00a0<\/span><span style=\"color: #074f56;\">est d&rsquo;identifier le stade bloqu\u00e9 puis d&rsquo;apporter des stimulations de correction permettant un retour \u00e0 l&rsquo;hom\u00e9ostasie.\u00a0<\/span><\/span><\/p>\n<p style=\"text-align: justify;\"><span style=\"color: #074f56;\">La CSP permet de traiter trauma, malaises, maladies, troubles du comportement chez l\u2019enfant, l\u2019adolescent et l\u2019adulte. Interview de Nathalie par ImerfuZion (<a href=\"https:\/\/www.youtube.com\/watch?v=9Zsgwig_6lU&amp;t=12s\">https:\/\/www.youtube.com\/watch?v=9Zsgwig_6lU&amp;t=12<\/a>)<\/span><\/p>\n<p><span style=\"color: #074f56;\">Une s\u00e9ance\u00a0est accompagn\u00e9e selon les besoins de :<\/span><\/p>\n<ul>\n<li><span style=\"color: #074f56;\">L&rsquo;int\u00e9gration des r\u00e9flexes archa\u00efques (RMT).\u00a0Interview de Nathalie<\/span><span style=\"color: #074f56;\">\u00a0par ImerfuZion (<a href=\"https:\/\/www.youtube.com\/watch?v=NFQXo44ow3Q&amp;t=5s\">https:\/\/www.youtube.com\/watch?v=NFQXo44ow3Q&amp;t=5s<\/a>)<\/span><\/li>\n<li><span style=\"color: #074f56;\">L&rsquo;EFT (Emotional freedom techniques)<\/span><\/li>\n<\/ul>\n<p><strong><span style=\"color: #074f56;\">2) L&rsquo;hypnose<\/span><\/strong><\/p>\n<ul>\n<li><span style=\"color: #074f56;\">Hypnose spirituelle (lib\u00e9ration d&rsquo;\u00e2mes, anc\u00eatres, r\u00e9gression)\u00a0dipl\u00f4m\u00e9e de l&rsquo;Institut Pr\u00e9sences\u00a0 (<a href=\"http:\/\/www.presences.be\/\" target=\"_blank\" rel=\"noopener\">http:\/\/www.presences.be\/<\/a>) en collaboration avec le \u00ab\u00a0Spirit Release Forum\u00a0\u00bb<\/span><\/li>\n<li><span style=\"color: #074f56;\">Hypnose Ericksonienne\u00a0(gestion du stress, de la douleur,&#8230;)\u00a0dipl\u00f4m\u00e9e de\u00a0l&rsquo;Henallux<\/span><\/li>\n<\/ul>\n<p><strong><span style=\"color: #074f56;\">3) Les signatures fr\u00e9quentielles (SF)<\/span><\/strong><\/p>\n<p><span style=\"color: #074f56;\">Cette pratique a \u00e9t\u00e9 d\u00e9velopp\u00e9e par\u00a0Didier Rauzy\u00a0 (<a href=\"https:\/\/www.signaturesfrequentielles.eu\/\" target=\"_blank\" rel=\"noopener\">https:\/\/www.signaturesfrequentielles.eu\/<\/a>). <\/span><\/p>\n<p><span style=\"color: #074f56;\">Interview de Nathalie<span style=\"color: #074f56;\">\u00a0par ImerfuZion (<a href=\"https:\/\/www.youtube.com\/watch?v=1tlU3wijLhk&amp;t=3s\">https:\/\/www.youtube.com\/watch?v=1tlU3wijLhk&amp;t=3s<\/a>)<\/span><\/span><\/p>\n<p><span style=\"color: #074f56;\">Bas\u00e9es sur vos donn\u00e9es personnelles (date de naissance, nom de famille du p\u00e8re et de la m\u00e8re, pr\u00e9noms), les SF vont pr\u00e9senter votre axe de vie; c&rsquo;est-\u00e0-dire les grandes lignes de vos potentiels d&rsquo;incarnation sous forme de couples de notes de musique. Ces notes repr\u00e9sentent des potentiels qui sont aujourd&rsquo;hui exprim\u00e9s et que la s\u00e9ance en SF aura pour objectif d&rsquo;\u00e9panouir en r\u00e9parant les blessures \u00e9motionnelles qui nous emp\u00eachent de d\u00e9ployer pleinement nos dons et qualit\u00e9s. Concr\u00e8tement, les blessures \u00e9motionnelles qui sont identifi\u00e9es par les SF\u00a0agissent sur trois sources primordiales de souffrances : les traumatismes\u00a0p\u00e9rinataux et de la petite enfance, les anc\u00eatres,\u00a0les vies ant\u00e9rieures. <\/span><\/p>\n<p><span style=\"color: #074f56;\">En r\u00e9sum\u00e9, les SF sont un outil th\u00e9rapeutique qui associe la musique\u00a0des couples de notes avec l&rsquo;olfaction d&rsquo;huiles essentielles pour favoriser ensemble la prise de conscience de nos sources de souffrances, leur\u00a0lib\u00e9ration et la\u00a0r\u00e9paration cellulaire permettant de retrouver notre souverainet\u00e9. <\/span><\/p>\n<p><span style=\"color: #074f56;\">Quelle que soit l&rsquo;approche th\u00e9rapeutique propos\u00e9e, il est primordial de poursuivre les traitements m\u00e9dicaux ou psychologiques en cours, les approches \u00e9tant compl\u00e9mentaires. <\/span><\/p>\n<p><span style=\"color: #074f56;\">Je suis \u00e9galement formatrice en hypnose spirituelle\u00a0pour l&rsquo;Institut Pr\u00e9sences.<\/span><\/p>\n","protected":false},"excerpt":{"rendered":"<p>Une\u00a0approche globale est propos\u00e9e dans laquelle le corps et le psychisme coop\u00e8rent \u00e9troitement.\u00a0 1) La\u00a0Coh\u00e9rence Somato Psychique\u00ae\u00a0(CSP)\u00a0 Cette pratique a \u00e9t\u00e9 d\u00e9velopp\u00e9e par Fabrice Charles (https:\/\/www.somatopsy.org\/). Son livre \u00ab\u00a0La cascade \u00e0 Champagne\u00a0\u00bb en explique les principes.\u00a0La\u00a0sant\u00e9 est l&rsquo;\u00e9tat d&rsquo;\u00e9quilibre (hom\u00e9ostasie)\u00a0 harmonieux entre le corps et le psychisme. Suite \u00e0 un [&hellip;]<\/p>\n","protected":false},"author":1,"featured_media":0,"parent":0,"menu_order":3,"comment_status":"closed","ping_status":"closed","template":"","meta":[],"_links":{"self":[{"href":"https:\/\/www.emotion-adn.be\/wordpress\/wp-json\/wp\/v2\/pages\/58"}],"collection":[{"href":"https:\/\/www.emotion-adn.be\/wordpress\/wp-json\/wp\/v2\/pages"}],"about":[{"href":"https:\/\/www.emotion-adn.be\/wordpress\/wp-json\/wp\/v2\/types\/page"}],"author":[{"embeddable":true,"href":"https:\/\/www.emotion-adn.be\/wordpress\/wp-json\/wp\/v2\/users\/1"}],"replies":[{"embeddable":true,"href":"https:\/\/www.emotion-adn.be\/wordpress\/wp-json\/wp\/v2\/comments?post=58"}],"version-history":[{"count":31,"href":"https:\/\/www.emotion-adn.be\/wordpress\/wp-json\/wp\/v2\/pages\/58\/revisions"}],"predecessor-version":[{"id":550,"href":"https:\/\/www.emotion-adn.be\/wordpress\/wp-json\/wp\/v2\/pages\/58\/revisions\/550"}],"wp:attachment":[{"href":"https:\/\/www.emotion-adn.be\/wordpress\/wp-json\/wp\/v2\/media?parent=58"}],"curies":[{"name":"wp","href":"https:\/\/api.w.org\/{rel}","templated":true}]}}